{"id":11113,"date":"2026-04-05T16:41:12","date_gmt":"2026-04-05T16:41:12","guid":{"rendered":"https:\/\/lartistesprod.com\/?page_id=11113"},"modified":"2026-04-06T02:19:18","modified_gmt":"2026-04-06T02:19:18","slug":"lartisteprod","status":"publish","type":"page","link":"https:\/\/lartistesprod.com\/","title":{"rendered":"LartisteProd"},"content":{"rendered":"<div class=\"et_pb_section_0 et_pb_section et_section_regular et_block_section et-pb-has-background-video et_pb_preload section_has_divider et_pb_bottom_divider\"><span class=\"et-pb-background-video\"><video autoplay loop playsinline muted><source type=\"video\/mp4\" src=\"https:\/\/lartistesprod.com\/wp-content\/uploads\/2026\/04\/lartistesProd-intro-final.mp4\" \/><\/video><\/span>\n<div class=\"et_pb_row_0 et_pb_row et_flex_row et_animated\">\n<div class=\"et_pb_column_0 et_pb_column et_flex_column et_pb_css_mix_blend_mode_passthrough et_flex_column_2_5 et_flex_column_2_5_tablet et_flex_column_24_24_phone\">\n<div class=\"et_pb_image_0 et_pb_image et_pb_module et_flex_module\"><span class=\"et_pb_image_wrap\"><img loading=\"lazy\" decoding=\"async\" src=\"https:\/\/lartistesprod.com\/wp-content\/uploads\/2026\/04\/lartistes-prod2.png\" title=\"lartistes-prod2\" width=\"1080\" height=\"810\" srcset=\"https:\/\/lartistesprod.com\/wp-content\/uploads\/2026\/04\/lartistes-prod2.png 1080w, https:\/\/lartistesprod.com\/wp-content\/uploads\/2026\/04\/lartistes-prod2-980x735.png 980w, https:\/\/lartistesprod.com\/wp-content\/uploads\/2026\/04\/lartistes-prod2-480x360.png 480w\" sizes=\"(min-width: 0px) and (max-width: 480px) 480px, (min-width: 481px) and (max-width: 980px) 980px, (min-width: 981px) 1080px, 100vw\" class=\"wp-image-11287\" \/><\/span><\/div>\n<\/div>\n\n<div class=\"et_pb_column_1 et_pb_column et-last-child et_flex_column et_pb_css_mix_blend_mode_passthrough et_flex_column_3_5 et_flex_column_3_5_tablet et_flex_column_24_24_phone\">\n<div class=\"et_pb_text_0 et_pb_text et_pb_bg_layout_light et_pb_module et_flex_module\"><div class=\"et_pb_text_inner\"><p>\u00a0<\/p>\n<p>\u00a0<\/p>\n<h1>Production et diffusion de spectacles vivants<\/h1>\n<\/div><\/div>\n\n<div class=\"et_pb_image_1 et_pb_image et_pb_module et_flex_module\"><span class=\"et_pb_image_wrap\"><img loading=\"lazy\" decoding=\"async\" src=\"https:\/\/lartistesprod.com\/wp-content\/uploads\/2026\/04\/lartisteProd-carte.jpg\" title=\"lartisteProd-carte\" width=\"1184\" height=\"880\" srcset=\"https:\/\/lartistesprod.com\/wp-content\/uploads\/2026\/04\/lartisteProd-carte.jpg 1184w, https:\/\/lartistesprod.com\/wp-content\/uploads\/2026\/04\/lartisteProd-carte-980x728.jpg 980w, https:\/\/lartistesprod.com\/wp-content\/uploads\/2026\/04\/lartisteProd-carte-480x357.jpg 480w\" sizes=\"(min-width: 0px) and (max-width: 480px) 480px, (min-width: 481px) and (max-width: 980px) 980px, (min-width: 981px) 1184px, 100vw\" class=\"wp-image-11320\" \/><\/span><\/div>\n<\/div>\n<\/div>\n\n<div class=\"et_pb_row_1 et_pb_row et_flex_row et_animated\">\n<div class=\"et_pb_column_2 et_pb_column et-last-child et_flex_column et_pb_css_mix_blend_mode_passthrough et_flex_column_24_24 et_flex_column_24_24_tablet et_flex_column_24_24_phone\">\n<div class=\"et_pb_text_1 et_pb_text et_pb_bg_layout_light et_pb_module et_flex_module\"><div class=\"et_pb_text_inner\"><p>Lartistesprod accompagne des artistes et spectacles s\u00e9lectionn\u00e9s avec exigence pour proposer une programmation vivante, sensible et accessible. Concerts, seul-en-sc\u00e8ne, spectacles jeune public et petite enfance : nous construisons des propositions artistiques adapt\u00e9es aux lieux, aux publics et aux \u00e9v\u00e9nements.<\/p>\n<\/div><\/div>\n<\/div>\n<\/div>\n\n<div class=\"et_pb_row_2 et_pb_row et_flex_row et_animated\">\n<div class=\"et_pb_column_3 et_pb_column et-last-child et_flex_column et_pb_css_mix_blend_mode_passthrough et_flex_column_24_24 et_flex_column_24_24_tablet et_flex_column_24_24_phone\">\n<div class=\"et_pb_module et_pb_button_module_wrapper et_pb_button_0_wrapper\"><a class=\"et_pb_button_0 et_pb_button et_pb_bg_layout_light et_pb_module et_flex_module\" href=\"https:\/\/lartistesprod.com\/#artistes\">D\u00e9couvrir nos artistes<\/a><\/div>\n\n<div class=\"et_pb_module et_pb_button_module_wrapper et_pb_button_1_wrapper\"><a class=\"et_pb_button_1 et_pb_button et_pb_bg_layout_light et_pb_module et_flex_module\" href=\"http:\/\/infolartistesasso@gmail.com\">Contactez-nous<\/a><\/div>\n<\/div>\n<\/div>\n<div class=\"et_pb_bottom_inside_divider et-no-transition\"><\/div><\/div>\n\n<div class=\"et_pb_section_1 et_pb_section et_section_regular et_block_section section_has_divider et_pb_bottom_divider\" id=\"artistes\">\n<div class=\"et_pb_row_3 et_pb_row et_block_row\">\n<div class=\"et_pb_column_4 et_pb_column et_pb_column_4_4 et-last-child et_block_column et_pb_css_mix_blend_mode_passthrough\">\n<div class=\"et_pb_text_2 et_pb_text et_pb_bg_layout_light et_animated et_pb_module et_flex_module\"><div class=\"et_pb_text_inner\"><h2 style=\"text-align: center;\">Des spectacles pour chaque public, des artistes pour chaque \u00e9motion<\/h2>\n<\/div><\/div>\n\n<div class=\"et_pb_text_3 et_pb_text et_pb_bg_layout_light et_animated et_pb_module et_block_module\"><div class=\"et_pb_text_inner\"><h3>Des voix, des pr\u00e9sences, des univers<\/h3>\n<h2 style=\"text-align: center;\">Concerts<\/h2>\n<\/div><\/div>\n\n<div class=\"et_pb_divider_0 et_pb_divider et_pb_space et_pb_divider_position_top et_pb_module\"><div class=\"et_pb_divider_internal\"><\/div><\/div>\n<\/div>\n<\/div>\n\n<div class=\"et_pb_row_4 et_pb_row et_pb_gutters2 et_block_row\">\n<div class=\"et_pb_column_5 et_pb_column et_pb_column_1_3 et_block_column et_pb_css_mix_blend_mode_passthrough\">\n\n\n\n\n\n\n\n\n\n\n\n\n\n\n\n\n\n\n\n<\/div>\n\n<div class=\"et_pb_column_6 et_pb_column et_pb_column_1_3 et_block_column et_pb_css_mix_blend_mode_passthrough\">\n\n\n\n\n\n\n\n\n\n\n\n\n\n\n\n\n\n\n\n<\/div>\n\n<div class=\"et_pb_column_7 et_pb_column et_pb_column_1_3 et-last-child et_block_column et_pb_css_mix_blend_mode_passthrough\">\n\n\n\n\n\n\n\n\n\n\n\n\n\n\n\n\n\n\n\n<\/div>\n<\/div>\n\n<div class=\"et_pb_row_5 et_pb_row et_flex_row\">\n<div class=\"et_pb_column_8 et_pb_column et-last-child et_flex_column et_pb_css_mix_blend_mode_passthrough et_flex_column_24_24 et_flex_column_24_24_tablet et_flex_column_24_24_phone\">\n<div class=\"et_pb_text_4 et_pb_text et_pb_bg_layout_light et_animated et_pb_module et_flex_module\"><div class=\"et_pb_text_inner\"><p style=\"text-align: center;\">Lartistesprod d\u00e9veloppe une offre de spectacles vivants pens\u00e9e pour les programmateurs, collectivit\u00e9s, structures culturelles et organisateurs d\u2019\u00e9v\u00e9nements. Une s\u00e9lection d\u2019artistes et de spectacles dans trois univers : concert, seul-en-sc\u00e8ne et petite enfance.<\/p>\n<\/div><\/div>\n<\/div>\n<\/div>\n<div class=\"et_pb_bottom_inside_divider et-no-transition\"><\/div><\/div>\n\n<div class=\"et_pb_section_2 et_pb_section et_section_regular et_block_section et-pb-has-background-video et_pb_preload section_has_divider et_pb_bottom_divider\"><span class=\"et-pb-background-video\"><video autoplay loop playsinline muted><source type=\"video\/mp4\" src=\"https:\/\/lartistesprod.com\/wp-content\/uploads\/2026\/04\/grok-video-1e1c84a8-3fcf-4288-b178-29ba4c20e96d.mp4\" \/><\/video><\/span>\n<div class=\"et_pb_row_6 et_pb_row et_block_row\">\n<div class=\"et_pb_column_9 et_pb_column et_pb_column_4_4 et-last-child et_block_column et_pb_css_mix_blend_mode_passthrough\">\n<div class=\"et_pb_text_5 et_pb_text et_pb_bg_layout_light et_animated et_pb_module et_flex_module\"><div class=\"et_pb_text_inner\"><h2 data-start=\"3867\" data-end=\"3965\"><strong data-start=\"3889\" data-end=\"3965\">Des spectacles qui font rire, r\u00e9agir et cr\u00e9er un vrai moment de partage.<\/strong><\/h2>\n<p data-start=\"3967\" data-end=\"4003\">\n<\/div><\/div>\n\n<div class=\"et_pb_text_6 et_pb_text et_pb_bg_layout_light et_animated et_pb_module et_block_module\"><div class=\"et_pb_text_inner\"><h3>Humour, pr\u00e9sence, proximit\u00e9<\/h3>\n<h2 style=\"text-align: center;\">SEUL-EN-SC\u00c8NE \/ ONE MAN SHOW<\/h2>\n<\/div><\/div>\n\n<div class=\"et_pb_divider_1 et_pb_divider et_pb_space et_pb_divider_position_top et_pb_module\"><div class=\"et_pb_divider_internal\"><\/div><\/div>\n<\/div>\n<\/div>\n\n<div class=\"et_pb_row_7 et_pb_row et_flex_row\">\n<div class=\"et_pb_column_10 et_pb_column et-last-child et_flex_column et_pb_css_mix_blend_mode_passthrough et_flex_column_24_24 et_flex_column_24_24_tablet et_flex_column_24_24_phone\">\n\n\n\n\n\n\n\n<\/div>\n<\/div>\n\n<div class=\"et_pb_row_8 et_pb_row et_flex_row\">\n<div class=\"et_pb_column_11 et_pb_column et-last-child et_flex_column et_pb_css_mix_blend_mode_passthrough et_flex_column_24_24 et_flex_column_24_24_tablet et_flex_column_24_24_phone\">\n<div class=\"et_pb_text_7 et_pb_text et_pb_bg_layout_light et_animated et_pb_module et_flex_module\"><div class=\"et_pb_text_inner\"><p>Avec nos spectacles seul-en-sc\u00e8ne, le lien avec le public devient imm\u00e9diat. Entre humour, narration, personnages et sens du rythme, ces propositions offrent des formats efficaces, vivants et f\u00e9d\u00e9rateurs.<br data-start=\"3679\" data-end=\"3682\" \/>Parfaits pour des programmations culturelles, \u00e9v\u00e9nements publics ou soir\u00e9es priv\u00e9es, ces spectacles s\u2019adaptent \u00e0 diff\u00e9rents contextes tout en conservant une forte identit\u00e9 artistique.<\/p>\n<\/div><\/div>\n<\/div>\n<\/div>\n<div class=\"et_pb_bottom_inside_divider et-no-transition\"><\/div><\/div>\n\n<div class=\"et_pb_section_3 et_pb_section et_section_regular et_block_section et-pb-has-background-video et_pb_preload\"><span class=\"et-pb-background-video\"><video autoplay loop playsinline muted><source type=\"video\/mp4\" src=\"https:\/\/lartistesprod.com\/wp-content\/uploads\/2026\/04\/grok-video-18abfc86-35bd-4997-adb1-4d0d49e218a5.mp4\" \/><\/video><\/span>\n<div class=\"et_pb_row_9 et_pb_row et_block_row\">\n<div class=\"et_pb_column_12 et_pb_column et_pb_column_4_4 et-last-child et_block_column et_pb_css_mix_blend_mode_passthrough\">\n<div class=\"et_pb_text_8 et_pb_text et_pb_bg_layout_light et_animated et_pb_module et_flex_module\"><div class=\"et_pb_text_inner\"><h2 data-start=\"4668\" data-end=\"4771\"><strong data-start=\"4690\" data-end=\"4771\">Une programmation jeune public pens\u00e9e pour \u00e9merveiller d\u00e8s les premiers \u00e2ges.<\/strong><\/h2>\n<p data-start=\"4773\" data-end=\"4824\">\n<p data-start=\"3967\" data-end=\"4003\">\n<\/div><\/div>\n\n<div class=\"et_pb_text_9 et_pb_text et_pb_bg_layout_light et_animated et_pb_module et_block_module\"><div class=\"et_pb_text_inner\"><h3>Des spectacles doux, ludiques et po\u00e9tiques<\/h3>\n<h2 style=\"text-align: center;\">Petite enfance<\/h2>\n<\/div><\/div>\n\n<div class=\"et_pb_divider_2 et_pb_divider et_pb_space et_pb_divider_position_top et_pb_module\"><div class=\"et_pb_divider_internal\"><\/div><\/div>\n<\/div>\n<\/div>\n\n<div class=\"et_pb_row_10 et_pb_row et_flex_row\">\n<div class=\"et_pb_column_13 et_pb_column et-last-child et_flex_column et_pb_css_mix_blend_mode_passthrough et_flex_column_24_24 et_flex_column_24_24_tablet et_flex_column_24_24_phone\">\n\n\n\n\n\n\n\n<\/div>\n<\/div>\n\n<div class=\"et_pb_row_11 et_pb_row et_flex_row\">\n<div class=\"et_pb_column_14 et_pb_column et-last-child et_flex_column et_pb_css_mix_blend_mode_passthrough et_flex_column_24_24 et_flex_column_24_24_tablet et_flex_column_24_24_phone\">\n<div class=\"et_pb_text_10 et_pb_text et_pb_bg_layout_light et_animated et_pb_module et_flex_module\"><div class=\"et_pb_text_inner\"><p>Lartistesprod propose \u00e9galement des spectacles pens\u00e9s pour les tout-petits, avec une attention particuli\u00e8re port\u00e9e \u00e0 l\u2019\u00e9veil, \u00e0 l\u2019imaginaire, \u00e0 la couleur, au rythme et \u00e0 l\u2019interaction.<br data-start=\"4457\" data-end=\"4460\" \/>Ces propositions artistiques sont id\u00e9ales pour les cr\u00e8ches, m\u00e9diath\u00e8ques, \u00e9coles, collectivit\u00e9s, arbres de No\u00ebl et \u00e9v\u00e9nements familiaux, avec des formats adapt\u00e9s aux jeunes publics et \u00e0 leurs accompagnants.<\/p>\n<\/div><\/div>\n<\/div>\n<\/div>\n<\/div>","protected":false},"excerpt":{"rendered":"","protected":false},"author":1,"featured_media":0,"parent":0,"menu_order":0,"comment_status":"closed","ping_status":"closed","template":"","meta":{"_et_pb_use_builder":"on","_et_pb_old_content":"","_et_gb_content_width":"","footnotes":""},"class_list":["post-11113","page","type-page","status-publish","hentry"],"_links":{"self":[{"href":"https:\/\/lartistesprod.com\/index.php\/wp-json\/wp\/v2\/pages\/11113","targetHints":{"allow":["GET"]}}],"collection":[{"href":"https:\/\/lartistesprod.com\/index.php\/wp-json\/wp\/v2\/pages"}],"about":[{"href":"https:\/\/lartistesprod.com\/index.php\/wp-json\/wp\/v2\/types\/page"}],"author":[{"embeddable":true,"href":"https:\/\/lartistesprod.com\/index.php\/wp-json\/wp\/v2\/users\/1"}],"replies":[{"embeddable":true,"href":"https:\/\/lartistesprod.com\/index.php\/wp-json\/wp\/v2\/comments?post=11113"}],"version-history":[{"count":65,"href":"https:\/\/lartistesprod.com\/index.php\/wp-json\/wp\/v2\/pages\/11113\/revisions"}],"predecessor-version":[{"id":11631,"href":"https:\/\/lartistesprod.com\/index.php\/wp-json\/wp\/v2\/pages\/11113\/revisions\/11631"}],"wp:attachment":[{"href":"https:\/\/lartistesprod.com\/index.php\/wp-json\/wp\/v2\/media?parent=11113"}],"curies":[{"name":"wp","href":"https:\/\/api.w.org\/{rel}","templated":true}]}}