{"id":156,"date":"2026-03-29T00:13:31","date_gmt":"2026-03-29T00:13:31","guid":{"rendered":"https:\/\/lartistesprod.com\/?page_id=156"},"modified":"2026-04-04T16:47:29","modified_gmt":"2026-04-04T16:47:29","slug":"yumeji","status":"publish","type":"page","link":"https:\/\/lartistesprod.com\/index.php\/yumeji\/","title":{"rendered":"Yumeji"},"content":{"rendered":"<div class=\"et_pb_section_0 et_pb_section et_section_specialty et_pb_equal_columns et_pb_gutters3 et_block_section et_animated et_pb_section_parallax\"><span class=\"et-pb-parallax-wrapper\"><span class=\"et-pb-parallax-background et-pb-parallax-background--css et-pb-parallax-background-module--divi-section-0\" style=\"background-image:url(https:\/\/lartistesprod.com\/wp-content\/uploads\/2026\/03\/yumeji-abyssofmytea.png)\"><\/span><\/span><div class=\"et_pb_row et_block_row\">\n<div class=\"et_pb_column_0 et_pb_column et_pb_column_single et_pb_column_1_2 et_block_column et_pb_css_mix_blend_mode_passthrough\">\n\n\n\n\n\n\n\n\n<div class=\"et_pb_module et_pb_button_module_wrapper et_pb_button_0_wrapper\"><a class=\"et_pb_button_0 et_pb_button et_pb_bg_layout_light et_animated et_pb_module et_block_module\" href=\"\" data-icon=\"L\">Commandez ces artistes<\/a><\/div>\n\n<div class=\"et_pb_module et_pb_button_module_wrapper et_pb_button_1_wrapper\"><a class=\"et_pb_button_1 et_pb_button et_pb_bg_layout_light et_animated et_pb_module et_block_module\" href=\"\" data-icon=\"\ue04e\">Vid\u00e9o de pr\u00e9sentation<\/a><\/div>\n<\/div>\n\n<div class=\"et_pb_column_1 et_pb_column et_pb_specialty_column et_pb_column_1_2 et-last-child et_block_column et_pb_css_mix_blend_mode_passthrough\">\n<div class=\"et_pb_row_inner_0 et_pb_row_inner et_block_row\">\n<div class=\"et_pb_column_inner_0 et_pb_column_inner et_pb_column et_pb_column_4_4 et-last-child et_block_column et_pb_css_mix_blend_mode_passthrough\">\n<div class=\"et_pb_text_0 et_pb_text et_pb_bg_layout_dark et_animated et_pb_module et_block_module et_pb_text_align_center\"><div class=\"et_pb_text_inner\"><p>CONCERTS<\/p>\n<\/div><\/div>\n<\/div>\n<\/div>\n\n<div class=\"et_pb_row_inner_1 et_pb_row_inner et_block_row\">\n<div class=\"et_pb_column_inner_1 et_pb_column_inner et_pb_column et_pb_column_4_4 et-last-child et_block_column et_pb_css_mix_blend_mode_passthrough\">\n<div class=\"et_pb_image_0 et_pb_image et_pb_module et_block_module\"><span class=\"et_pb_image_wrap\"><img loading=\"lazy\" decoding=\"async\" src=\"https:\/\/lartistesprod.com\/wp-content\/uploads\/2026\/03\/PHOTO-YUMEJI-1.jpeg\" title=\"PHOTO YUMEJI 1\" width=\"480\" height=\"480\" srcset=\"https:\/\/lartistesprod.com\/wp-content\/uploads\/2026\/03\/PHOTO-YUMEJI-1.jpeg 480w, https:\/\/lartistesprod.com\/wp-content\/uploads\/2026\/03\/PHOTO-YUMEJI-1-300x300.jpeg 300w, https:\/\/lartistesprod.com\/wp-content\/uploads\/2026\/03\/PHOTO-YUMEJI-1-150x150.jpeg 150w\" sizes=\"(max-width: 480px) 100vw, 480px\" class=\"wp-image-11184\" \/><\/span><\/div>\n\n<ul class=\"et_pb_social_media_follow_0 et_pb_social_media_follow clearfix et_pb_bg_layout_light et_pb_module et_block_module\">\n<li class=\"et_pb_social_media_follow_network_0 et_pb_social_media_follow_network et_pb_social_icon et_pb_social_network_link et-social-instagram et_pb_module et_flex_module\"><a href=\"https:\/\/www.instagram.com\/willobandmusic\/\" class=\"icon\" target=\"_self\" title=\"Follow on Instagram\" rel=\"noopener\"><span class=\"et_pb_social_media_follow_network_name\">Follow<\/span><\/a><\/li>\n\n<li class=\"et_pb_social_media_follow_network_1 et_pb_social_media_follow_network et_pb_social_icon et_pb_social_network_link et-social-youtube et_pb_module et_flex_module\"><a href=\"https:\/\/www.youtube.com\/@willobandmusic.\" class=\"icon\" target=\"_self\" title=\"Follow on Youtube\" rel=\"noopener\"><span class=\"et_pb_social_media_follow_network_name\">Follow<\/span><\/a><\/li>\n<\/ul>\n<\/div>\n<\/div>\n<\/div>\n<\/div><\/div>\n\n<div class=\"et_pb_section_1 et_pb_section et_section_specialty et_pb_gutters3 et_block_section\"><div class=\"et_pb_row et_block_row\">\n<div class=\"et_pb_column_2 et_pb_column et_pb_specialty_column et_pb_column_1_2 et_block_column et_pb_css_mix_blend_mode_passthrough\">\n<div class=\"et_pb_row_inner_2 et_pb_row_inner et_block_row\">\n<div class=\"et_pb_column_inner_2 et_pb_column_inner et_pb_column et_pb_column_4_4 et-last-child et_block_column et_pb_css_mix_blend_mode_passthrough\">\n<div class=\"et_pb_video_0 et_pb_video et_animated et_pb_module et_block_module\"><div class=\"et_pb_video_box\"><iframe loading=\"lazy\" title=\"Yumeji - ABYSS OF MY TEA\" width=\"1080\" height=\"608\" src=\"https:\/\/www.youtube.com\/embed\/p0Fyjht5J50?feature=oembed\"  allow=\"accelerometer; autoplay; clipboard-write; encrypted-media; gyroscope; picture-in-picture; web-share\" referrerpolicy=\"strict-origin-when-cross-origin\" allowfullscreen><\/iframe><\/div><\/div>\n<\/div>\n<\/div>\n\n<div class=\"et_pb_row_inner_3 et_pb_row_inner et_pb_gutters2 et_block_row\">\n<div class=\"et_pb_column_inner_3 et_pb_column_inner et_pb_column et_pb_column_1_6 et_block_column et_pb_css_mix_blend_mode_passthrough\">\n<div class=\"et_pb_number_counter_0 et_pb_number_counter et_pb_bg_layout_light et_pb_text_align_center et_pb_with_title et_pb_module et_block_module\"><div class=\"percent\"><p><span class=\"percent-value\"><\/span><span class=\"percent-sign\"><\/span><\/p><\/div><h3 class=\"title\">Albums<\/h3><\/div>\n<\/div>\n\n<div class=\"et_pb_column_inner_4 et_pb_column_inner et_pb_column et_pb_column_1_6 et_block_column et_pb_css_mix_blend_mode_passthrough\">\n<div class=\"et_pb_number_counter_1 et_pb_number_counter et_pb_bg_layout_light et_pb_text_align_center et_pb_with_title et_pb_module et_block_module\"><div class=\"percent\"><p><span class=\"percent-value\"><\/span><span class=\"percent-sign\"><\/span><\/p><\/div><h3 class=\"title\">Concerts<\/h3><\/div>\n<\/div>\n\n<div class=\"et_pb_column_inner_5 et_pb_column_inner et_pb_column et_pb_column_1_6 et-last-child et_block_column et_pb_css_mix_blend_mode_passthrough\">\n<div class=\"et_pb_number_counter_2 et_pb_number_counter et_pb_bg_layout_light et_pb_text_align_center et_pb_with_title et_pb_module et_block_module\"><div class=\"percent\"><p><span class=\"percent-value\"><\/span><span class=\"percent-sign\"><\/span><\/p><\/div><h3 class=\"title\">apparitions tv<\/h3><\/div>\n<\/div>\n<\/div>\n<\/div>\n\n<div class=\"et_pb_column_3 et_pb_column et_pb_column_single et_pb_column_1_2 et-last-child et_block_column et_pb_css_mix_blend_mode_passthrough\">\n<div class=\"et_pb_text_1 et_pb_text et_pb_bg_layout_dark et_animated et_pb_module et_block_module\"><div class=\"et_pb_text_inner\"><h3>Highlights<\/h3>\n<h2>Un voyage onirique entre r\u00eave et r\u00e9alit\u00e9.<\/h2>\n<\/div><\/div>\n\n<div class=\"et_pb_divider_0 et_pb_divider et_pb_space et_pb_divider_position_top et_pb_module\"><div class=\"et_pb_divider_internal\"><\/div><\/div>\n\n<div class=\"et_pb_text_2 et_pb_text et_pb_bg_layout_dark et_animated et_pb_module et_block_module\"><div class=\"et_pb_text_inner\"><p data-start=\"6501\" data-end=\"6575\">R&amp;B, n\u00e9o-soul, funk et textures modernes.<\/p>\n<p data-start=\"6577\" data-end=\"6904\">Yumeji est un projet aux influences R&amp;B, n\u00e9o-soul et funk, avec une touche moderne et exp\u00e9rimentale. N\u00e9 en duo, le groupe a concr\u00e9tis\u00e9 son identit\u00e9 en 2022 avant de s\u2019ouvrir \u00e0 une formule plus large, capable d\u2019aller jusqu\u2019au quatuor pour offrir un son encore plus ample, sensuel et habit\u00e9.<\/p>\n<p data-start=\"6906\" data-end=\"7131\">Le nom Yumeji \u00e9voque un espace flottant, un voyage entre r\u00eave et r\u00e9alit\u00e9. Cette dimension se retrouve dans leur musique : des atmosph\u00e8res immersives, des textures \u00e9l\u00e9gantes, des voix expressives et une vraie recherche sonore.<\/p>\n<p data-start=\"7133\" data-end=\"7347\">Sur sc\u00e8ne, Yumeji propose une exp\u00e9rience \u00e0 la fois raffin\u00e9e, envo\u00fbtante et organique, id\u00e9ale pour les lieux qui souhaitent offrir un concert moderne, chaleureux et singulier.<\/p>\n<\/div><\/div>\n<\/div>\n<\/div><\/div>\n\n<div class=\"et_pb_section_2 et_pb_section et_section_regular et_block_section et_pb_section_parallax\"><span class=\"et-pb-parallax-wrapper\"><span class=\"et-pb-parallax-background et-pb-parallax-background--css et-pb-parallax-background-module--divi-section-2\" style=\"background-image:url(https:\/\/lartistesprod.com\/wp-content\/uploads\/2026\/03\/image-6-1.jpg)\"><\/span><span class=\"et_parallax_gradient et_pb_parallax_css\" style=\"background-image:radial-gradient(ellipse at center, rgba(0, 0, 0, 0) 0%,#000000 100% 100%);mix-blend-mode:true\"><\/span><\/span>\n<div class=\"et_pb_row_0 et_pb_row et_block_row\">\n<div class=\"et_pb_column_4 et_pb_column et_pb_column_4_4 et-last-child et_block_column et_pb_css_mix_blend_mode_passthrough\">\n<div class=\"et_pb_text_3 et_pb_text et_pb_bg_layout_dark et_pb_module et_block_module et_pb_text_align_right\"><div class=\"et_pb_text_inner\"><h3>apparitions<\/h3>\n<h2>r\u00e9cemment<\/h2>\n<\/div><\/div>\n\n<div class=\"et_pb_divider_1 et_pb_divider et_pb_space et_pb_divider_position_top et_pb_module\"><div class=\"et_pb_divider_internal\"><\/div><\/div>\n<\/div>\n<\/div>\n\n<div class=\"et_pb_row_1 et_pb_row et_block_row\">\n<div class=\"et_pb_column_5 et_pb_column et_pb_column_1_3 et_block_column et_pb_css_mix_blend_mode_passthrough\">\n<div class=\"et_pb_cta_0 et_pb_promo et_pb_bg_layout_dark et_animated et_pb_module et_block_module\"><div class=\"et_pb_promo_description\"><h2 class=\"et_pb_module_header\">Concert<\/h2><div class=\"et_pb_promo_content\" data-et-mv-hidden-phone=\"true\"><p>Les prochaines dates<\/p>\n<\/div><\/div><div class=\"et_pb_button_wrapper\"><a class=\"et_pb_button et_pb_promo_button\" href=\"#\" data-icon=\"L\">En live<\/a><\/div><\/div>\n<\/div>\n\n<div class=\"et_pb_column_6 et_pb_column et_pb_column_1_3 et_block_column et_pb_css_mix_blend_mode_passthrough\">\n<div class=\"et_pb_cta_1 et_pb_promo et_pb_bg_layout_dark et_animated et_pb_module et_block_module\"><div class=\"et_pb_promo_description\"><h2 class=\"et_pb_module_header\">Album<\/h2><div class=\"et_pb_promo_content\" data-et-mv-hidden-phone=\"true\"><p>commandez-le<\/p>\n<\/div><\/div><div class=\"et_pb_button_wrapper\"><a class=\"et_pb_button et_pb_promo_button\" href=\"#\" data-icon=\"L\">\u00e0 d\u00e9couvrir<\/a><\/div><\/div>\n<\/div>\n\n<div class=\"et_pb_column_7 et_pb_column et_pb_column_1_3 et-last-child et_block_column et_pb_css_mix_blend_mode_passthrough\">\n<div class=\"et_pb_cta_2 et_pb_promo et_pb_bg_layout_dark et_animated et_clickable et_pb_module et_block_module\"><div class=\"et_pb_promo_description\"><h2 class=\"et_pb_module_header\">Instagram<\/h2><div class=\"et_pb_promo_content\" data-et-mv-hidden-phone=\"true\"><p>Suivez-les sur Insta!<\/p>\n<\/div><\/div><div class=\"et_pb_button_wrapper\"><a class=\"et_pb_button et_pb_promo_button\" href=\"https:\/\/www.instagram.com\/willobandmusic\/\" data-icon=\"L\">cliquez ici<\/a><\/div><\/div>\n<\/div>\n<\/div>\n<\/div>\n\n<div class=\"et_pb_section_3 et_pb_section et_section_specialty et_pb_equal_columns et_pb_gutters3 et_block_section\"><div class=\"et_pb_row et_block_row\">\n<div class=\"et_pb_column_8 et_pb_column et_pb_column_single et_pb_column_1_2 et_block_column et_pb_css_mix_blend_mode_passthrough\">\n<div class=\"et_pb_text_4 et_pb_text et_pb_bg_layout_light et_animated et_pb_module et_block_module\"><div class=\"et_pb_text_inner\"><h3>Article<\/h3>\n<h2>Yumeji, une n\u00e9o-soul immersive et \u00e9l\u00e9gante<\/h2>\n<\/div><\/div>\n\n<div class=\"et_pb_divider_2 et_pb_divider et_pb_space et_pb_divider_position_top et_pb_module\"><div class=\"et_pb_divider_internal\"><\/div><\/div>\n\n<div class=\"et_pb_text_5 et_pb_text et_pb_bg_layout_light et_animated et_pb_module et_block_module\"><div class=\"et_pb_text_inner\"><p data-start=\"7418\" data-end=\"7714\">Avec Yumeji, le public entre dans un univers o\u00f9 les influences se croisent et se r\u00e9pondent. R&amp;B, soul, funk et modernit\u00e9 s\u2019y rencontrent dans une proposition artistique immersive, subtile et contemporaine. Une belle option pour une programmation originale et qualitative.<\/p>\n<\/div><\/div>\n<\/div>\n\n<div class=\"et_pb_column_9 et_pb_column et_pb_specialty_column et_pb_column_1_2 et-last-child et_block_column et_pb_css_mix_blend_mode_passthrough\">\n<div class=\"et_pb_row_inner_4 et_pb_row_inner et_block_row\">\n<div class=\"et_pb_column_inner_6 et_pb_column_inner et_pb_column et_pb_column_4_4 et-last-child et_block_column et_pb_css_mix_blend_mode_passthrough\">\n<div class=\"et_pb_image_1 et_pb_image et_animated et_pb_module et_block_module\"><span class=\"et_pb_image_wrap\"><img loading=\"lazy\" decoding=\"async\" src=\"https:\/\/lartistesprod.com\/wp-content\/uploads\/2026\/03\/yumeji2.png\" title=\"yumeji2\" width=\"940\" height=\"1173\" srcset=\"https:\/\/lartistesprod.com\/wp-content\/uploads\/2026\/03\/yumeji2.png 940w, https:\/\/lartistesprod.com\/wp-content\/uploads\/2026\/03\/yumeji2-480x599.png 480w\" sizes=\"(min-width: 0px) and (max-width: 480px) 480px, (min-width: 481px) 940px, 100vw\" class=\"wp-image-11191\" \/><\/span><\/div>\n<\/div>\n<\/div>\n<\/div>\n<\/div><\/div>\n\n<div class=\"et_pb_section_4 et_pb_section et_section_regular et_block_section\">\n<div class=\"et_pb_row_2 et_pb_row et_pb_equal_columns et_block_row\">\n<div class=\"et_pb_column_10 et_pb_column et_pb_column_1_2 et_block_column et_pb_css_mix_blend_mode_passthrough\">\n<div class=\"et_pb_image_2 et_pb_image et_animated et_pb_module et_block_module\"><span class=\"et_pb_image_wrap\"><img loading=\"lazy\" decoding=\"async\" src=\"https:\/\/lartistesprod.com\/wp-content\/uploads\/2026\/03\/yumeji-concert.png\" title=\"yumeji-concert\" width=\"1223\" height=\"865\" srcset=\"https:\/\/lartistesprod.com\/wp-content\/uploads\/2026\/03\/yumeji-concert.png 1223w, https:\/\/lartistesprod.com\/wp-content\/uploads\/2026\/03\/yumeji-concert-980x693.png 980w, https:\/\/lartistesprod.com\/wp-content\/uploads\/2026\/03\/yumeji-concert-480x339.png 480w\" sizes=\"(min-width: 0px) and (max-width: 480px) 480px, (min-width: 481px) and (max-width: 980px) 980px, (min-width: 981px) 1223px, 100vw\" class=\"wp-image-11192\" \/><\/span><\/div>\n\n<ul class=\"et_pb_social_media_follow_1 et_pb_social_media_follow clearfix et_pb_bg_layout_light et_pb_module et_block_module\">\n<li class=\"et_pb_social_media_follow_network_2 et_pb_social_media_follow_network et_pb_social_icon et_pb_social_network_link et-social-instagram et_pb_module et_flex_module\"><a href=\"#\" class=\"icon\" target=\"_self\" title=\"Follow on Instagram\" rel=\"noopener\"><span class=\"et_pb_social_media_follow_network_name\">Follow<\/span><\/a><\/li>\n\n<li class=\"et_pb_social_media_follow_network_3 et_pb_social_media_follow_network et_pb_social_icon et_pb_social_network_link et-social-youtube et_pb_module et_flex_module\"><a href=\"#\" class=\"icon\" target=\"_self\" title=\"Follow on Youtube\" rel=\"noopener\"><span class=\"et_pb_social_media_follow_network_name\">Follow<\/span><\/a><\/li>\n<\/ul>\n<\/div>\n\n<div class=\"et_pb_column_11 et_pb_column et_pb_column_1_2 et-last-child et_block_column et_pb_css_mix_blend_mode_passthrough\">\n<div class=\"et_pb_text_6 et_pb_text et_pb_bg_layout_light et_animated et_pb_module et_block_module\"><div class=\"et_pb_text_inner\"><h3>contacter<\/h3>\n<h2>commander cet artiste<\/h2>\n<\/div><\/div>\n\n<div class=\"et_pb_divider_3 et_pb_divider et_pb_space et_pb_divider_position_top et_pb_module\"><div class=\"et_pb_divider_internal\"><\/div><\/div>\n\n<div class=\"et_pb_text_7 et_pb_text et_pb_bg_layout_light et_animated et_pb_module et_block_module\"><div class=\"et_pb_text_inner\"><p><strong data-start=\"7716\" data-end=\"7764\">Bloc Contact \/ Commander cet artiste \u2014 Texte<\/strong><br \/>Pour programmer Yumeji en duo ou en quatuor, pour un concert, un festival, un \u00e9v\u00e9nement priv\u00e9 ou une programmation culturelle, contactez la production. Nous vous orienterons vers la formule la plus adapt\u00e9e \u00e0 votre sc\u00e8ne.<\/p>\n<\/div><\/div>\n\n<div class=\"et_pb_module et_pb_button_module_wrapper et_pb_button_2_wrapper\"><a class=\"et_pb_button_2 et_pb_button et_pb_bg_layout_light et_animated et_pb_module et_block_module\" href=\"\" data-icon=\"L\">Conact Info<\/a><\/div>\n<\/div>\n<\/div>\n<\/div>\n\n<div class=\"et_pb_section_5 et_pb_section et_section_regular et_block_section\">\n<div class=\"et_pb_row_3 et_pb_row et_block_row\">\n<div class=\"et_pb_column_12 et_pb_column et_pb_column_1_2 et_block_column et_pb_css_mix_blend_mode_passthrough\">\n\n\n\n\n\n\n\n<\/div>\n\n<div class=\"et_pb_column_13 et_pb_column et_pb_column_1_2 et-last-child et_block_column et_pb_css_mix_blend_mode_passthrough\">\n<div class=\"et_pb_module et_pb_button_module_wrapper et_pb_button_3_wrapper\"><a class=\"et_pb_button_3 et_pb_button et_pb_bg_layout_light et_pb_module et_block_module\" href=\"\" data-icon=\"L\">Contacter la production<\/a><\/div>\n<\/div>\n<\/div>\n<\/div>","protected":false},"excerpt":{"rendered":"","protected":false},"author":1,"featured_media":0,"parent":0,"menu_order":0,"comment_status":"closed","ping_status":"closed","template":"","meta":{"_et_pb_use_builder":"on","_et_pb_old_content":"","_et_gb_content_width":"","footnotes":""},"class_list":["post-156","page","type-page","status-publish","hentry"],"_links":{"self":[{"href":"https:\/\/lartistesprod.com\/index.php\/wp-json\/wp\/v2\/pages\/156","targetHints":{"allow":["GET"]}}],"collection":[{"href":"https:\/\/lartistesprod.com\/index.php\/wp-json\/wp\/v2\/pages"}],"about":[{"href":"https:\/\/lartistesprod.com\/index.php\/wp-json\/wp\/v2\/types\/page"}],"author":[{"embeddable":true,"href":"https:\/\/lartistesprod.com\/index.php\/wp-json\/wp\/v2\/users\/1"}],"replies":[{"embeddable":true,"href":"https:\/\/lartistesprod.com\/index.php\/wp-json\/wp\/v2\/comments?post=156"}],"version-history":[{"count":12,"href":"https:\/\/lartistesprod.com\/index.php\/wp-json\/wp\/v2\/pages\/156\/revisions"}],"predecessor-version":[{"id":11243,"href":"https:\/\/lartistesprod.com\/index.php\/wp-json\/wp\/v2\/pages\/156\/revisions\/11243"}],"wp:attachment":[{"href":"https:\/\/lartistesprod.com\/index.php\/wp-json\/wp\/v2\/media?parent=156"}],"curies":[{"name":"wp","href":"https:\/\/api.w.org\/{rel}","templated":true}]}}