{"id":171,"date":"2026-04-04T19:50:07","date_gmt":"2026-04-04T19:50:07","guid":{"rendered":"https:\/\/lartistesprod.com\/?page_id=171"},"modified":"2026-04-06T01:59:30","modified_gmt":"2026-04-06T01:59:30","slug":"bieres-de-comptoir","status":"publish","type":"page","link":"https:\/\/lartistesprod.com\/index.php\/bieres-de-comptoir\/","title":{"rendered":"Bi\u00e8res de Comptoir"},"content":{"rendered":"<div class=\"et_pb_section_0 et_pb_section et_section_regular et_block_section\">\n<div class=\"et_pb_row_0 et_pb_row et_block_row et_animated\">\n<div class=\"et_pb_column_0 et_pb_column et_pb_column_4_4 et-last-child et_block_column et_pb_css_mix_blend_mode_passthrough\">\n<div class=\"et_pb_text_0 et_pb_text et_pb_bg_layout_dark et_animated et_pb_module et_block_module\"><div class=\"et_pb_text_inner\"><h2>Seul-en-sc\u00e8ne<\/h2>\n<h1>Bi\u00e8res de Comptoir<\/h1>\n<\/div><\/div>\n<\/div>\n<\/div>\n<\/div>\n\n<div class=\"et_pb_section_1 et_pb_section et_section_regular et_block_section\">\n<div class=\"et_pb_row_1 et_pb_row et_block_row\">\n<div class=\"et_pb_column_1 et_pb_column et_pb_column_2_5 et_block_column et_pb_css_mix_blend_mode_passthrough\">\n<div class=\"et_pb_text_1 et_pb_text et_pb_bg_layout_light et_animated et_pb_module et_block_module\"><div class=\"et_pb_text_inner\"><h3>Le spectacle<\/h3>\n<h2>Un seul-en-sc\u00e8ne dr\u00f4le, original et authentique<\/h2>\n<\/div><\/div>\n\n<div class=\"et_pb_divider_0 et_pb_divider et_pb_space et_pb_divider_position_top et_pb_module\"><div class=\"et_pb_divider_internal\"><\/div><\/div>\n\n<div class=\"et_pb_text_2 et_pb_text et_pb_bg_layout_light et_animated et_pb_module et_block_module\"><div class=\"et_pb_text_inner\"><p><strong data-start=\"1007\" data-end=\"1029\">Bi\u00e8res de Comptoir<\/strong> est un seul-en-sc\u00e8ne th\u00e9\u00e2tral qui raconte l\u2019histoire vraie de la bi\u00e8re, de ses origines il y a environ 13 000 ans jusqu\u2019\u00e0 nos jours. Le spectacle m\u00eale humour, anecdotes, interactivit\u00e9 avec le public et contenu document\u00e9, dans une forme vivante, accessible et pleine de personnalit\u00e9. Son ambition est simple : \u00e9tonner, faire rire et instruire, tout en c\u00e9l\u00e9brant la bi\u00e8re comme fait culturel, populaire et historique. Le dossier de presse pr\u00e9sente ce spectacle comme des \u00ab divagations autour de la bi\u00e8re philosophale en un show \u201cMunich\u201d au monde \u00bb, avec une promesse forte : tout ce qui est racont\u00e9 sur sc\u00e8ne est vrai.<\/p>\n<\/div><\/div>\n<\/div>\n\n<div class=\"et_pb_column_2 et_pb_column et_pb_column_3_5 et-last-child et_block_column et_pb_css_mix_blend_mode_passthrough\">\n<div class=\"et_pb_video_0 et_pb_video et_animated et_pb_module et_block_module\"><div class=\"et_pb_video_box\"><iframe loading=\"lazy\" title=\"TEASER Spectacle Bi\u00e8res de Comptoir\" width=\"1080\" height=\"608\" src=\"https:\/\/www.youtube.com\/embed\/GiSCtE7w93o?feature=oembed\"  allow=\"accelerometer; autoplay; clipboard-write; encrypted-media; gyroscope; picture-in-picture; web-share\" referrerpolicy=\"strict-origin-when-cross-origin\" allowfullscreen><\/iframe><\/div><div class=\"et_pb_video_overlay\" style=\"background-image:url(https:\/\/lartistesprod.com\/wp-content\/uploads\/2026\/04\/DOSSIER-DE-PRESSE-BIERES-DE-COMPTOIR-JANVIER-26-BY-LARTISTES-PROD_page-0001-scaled.jpg)\"><div class=\"et_pb_video_overlay_hover\"><a class=\"et_pb_video_play\" href=\"#\"><\/a><\/div><\/div><\/div>\n<\/div>\n<\/div>\n\n<div class=\"et_pb_row_2 et_pb_row et_block_row\">\n<div class=\"et_pb_column_3 et_pb_column et_pb_column_1_2 et_block_column et_pb_css_mix_blend_mode_passthrough\">\n<div class=\"et_pb_image_0 et_pb_image et_animated et_pb_module et_block_module\"><span class=\"et_pb_image_wrap\"><img loading=\"lazy\" decoding=\"async\" src=\"https:\/\/lartistesprod.com\/wp-content\/uploads\/2026\/04\/DSC_6528-1.jpeg\" title=\"DSC_6528 (1)\" width=\"427\" height=\"640\" srcset=\"https:\/\/lartistesprod.com\/wp-content\/uploads\/2026\/04\/DSC_6528-1.jpeg 427w, https:\/\/lartistesprod.com\/wp-content\/uploads\/2026\/04\/DSC_6528-1-200x300.jpeg 200w\" sizes=\"(max-width: 427px) 100vw, 427px\" class=\"wp-image-11266\" \/><\/span><\/div>\n<\/div>\n\n<div class=\"et_pb_column_4 et_pb_column et_pb_column_1_2 et-last-child et_block_column et_pb_css_mix_blend_mode_passthrough\">\n<div class=\"et_pb_text_3 et_pb_text et_pb_bg_layout_light et_animated et_pb_module et_block_module\"><div class=\"et_pb_text_inner\"><h3>L\u2019univers<\/h3>\n<h2>Une conf\u00e9rence-spectacle festive et cultiv\u00e9e<\/h2>\n<\/div><\/div>\n\n<div class=\"et_pb_divider_1 et_pb_divider et_pb_space et_pb_divider_position_top et_pb_module\"><div class=\"et_pb_divider_internal\"><\/div><\/div>\n\n<div class=\"et_pb_text_4 et_pb_text et_pb_bg_layout_light et_animated et_pb_module et_block_module\"><div class=\"et_pb_text_inner\"><p>Pens\u00e9 pour les amateurs de bi\u00e8re, les curieux, les passionn\u00e9s d\u2019histoire et tous ceux qui aiment apprendre en s\u2019amusant, <strong data-start=\"2011\" data-end=\"2033\">Bi\u00e8res de Comptoir<\/strong> propose une forme sc\u00e9nique conviviale et singuli\u00e8re. Le spectacle s\u2019adresse aussi bien aux salles, festivals, \u00e9v\u00e9nements priv\u00e9s, lieux culturels qu\u2019aux programmations atypiques recherchant une proposition \u00e0 la fois dr\u00f4le, intelligente et f\u00e9d\u00e9ratrice. C\u2019est un projet de diffusion large, port\u00e9 par l\u2019envie de partager \u201cla bonne parole\u201d autour de l\u2019histoire de la bi\u00e8re, en France comme au-del\u00e0.<\/p>\n<\/div><\/div>\n<\/div>\n<\/div>\n\n<div class=\"et_pb_row_3 et_pb_row et_block_row\">\n<div class=\"et_pb_column_5 et_pb_column et_pb_column_3_5 et_block_column et_pb_css_mix_blend_mode_passthrough\">\n<div class=\"et_pb_text_5 et_pb_text et_pb_bg_layout_light et_animated et_pb_module et_block_module\"><div class=\"et_pb_text_inner\"><h3>La cr\u00e9ation<\/h3>\n<h2>Une \u00e9quipe artistique engag\u00e9e autour d\u2019un sujet unique<\/h2>\n<\/div><\/div>\n\n<div class=\"et_pb_divider_2 et_pb_divider et_pb_space et_pb_divider_position_top et_pb_module\"><div class=\"et_pb_divider_internal\"><\/div><\/div>\n\n<div class=\"et_pb_text_6 et_pb_text et_pb_bg_layout_light et_pb_module et_block_module\"><div class=\"et_pb_text_inner\"><p>Le spectacle est interpr\u00e9t\u00e9 par <strong data-start=\"2642\" data-end=\"2664\">Christian B\u00e9n\u00e9teau<\/strong>, amoureux des planches et cr\u00e9ateur de la brasserie <strong data-start=\"2716\" data-end=\"2730\">La Tireuse<\/strong> \u00e0 Biarritz. Le texte original est sign\u00e9 <strong data-start=\"2771\" data-end=\"2792\">Jean-Claude Colin<\/strong>, journaliste et auteur d\u2019ouvrages sur la bi\u00e8re. L\u2019adaptation en seul-en-sc\u00e8ne, la relecture, la r\u00e9\u00e9criture et la mise en sc\u00e8ne sont port\u00e9es par <strong data-start=\"2937\" data-end=\"2962\">Mina Mel B Richardson<\/strong>. La cr\u00e9ation musicale, le son, la vid\u00e9o et la lumi\u00e8re sont assur\u00e9s par <strong data-start=\"3034\" data-end=\"3048\">Thomas Bey<\/strong>, avec la participation de <strong data-start=\"3075\" data-end=\"3104\">Pierre-Alain de Garrigues<\/strong> pour la voix off. L\u2019univers visuel s\u2019enrichit \u00e9galement de la contribution du dessinateur <strong data-start=\"3195\" data-end=\"3222\">Louis-Michel Carpentier<\/strong>. D\u00e9j\u00e0 jou\u00e9 en rodage et en priv\u00e9, notamment \u00e0 la <strong data-start=\"3272\" data-end=\"3294\">Brasserie de Silly<\/strong> en Belgique, \u00e0 la <strong data-start=\"3313\" data-end=\"3329\">Villa Meteor<\/strong> et au <strong data-start=\"3336\" data-end=\"3363\">Ch\u00e2teau de Reichshoffen<\/strong> en Alsace, le spectacle a aussi rencontr\u00e9 un tr\u00e8s bel accueil \u00e0 <strong data-start=\"3428\" data-end=\"3440\">Biarritz<\/strong> et <strong data-start=\"3444\" data-end=\"3455\">Bayonne<\/strong>.<\/p>\n<\/div><\/div>\n<\/div>\n\n<div class=\"et_pb_column_6 et_pb_column et_pb_column_2_5 et-last-child et_block_column et_pb_css_mix_blend_mode_passthrough\">\n<div class=\"et_pb_image_1 et_pb_image et_animated et_pb_module et_block_module\"><span class=\"et_pb_image_wrap\"><img loading=\"lazy\" decoding=\"async\" src=\"https:\/\/lartistesprod.com\/wp-content\/uploads\/2026\/04\/DOSSIER-DE-PRESSE-BIERES-DE-COMPTOIR-JANVIER-26-BY-LARTISTES-PROD_page-0002-scaled-e1775333836738.jpg\" title=\"DOSSIER DE PRESSE BIE\u0300RES DE COMPTOIR JANVIER 26 - BY LA\u0300RTISTES PROD_page-0002\" width=\"1390\" height=\"1440\" srcset=\"https:\/\/lartistesprod.com\/wp-content\/uploads\/2026\/04\/DOSSIER-DE-PRESSE-BIERES-DE-COMPTOIR-JANVIER-26-BY-LARTISTES-PROD_page-0002-scaled-e1775333836738.jpg 1390w, https:\/\/lartistesprod.com\/wp-content\/uploads\/2026\/04\/DOSSIER-DE-PRESSE-BIERES-DE-COMPTOIR-JANVIER-26-BY-LARTISTES-PROD_page-0002-scaled-e1775333836738-1280x720.jpg 1280w, https:\/\/lartistesprod.com\/wp-content\/uploads\/2026\/04\/DOSSIER-DE-PRESSE-BIERES-DE-COMPTOIR-JANVIER-26-BY-LARTISTES-PROD_page-0002-scaled-e1775333836738-980x551.jpg 980w, https:\/\/lartistesprod.com\/wp-content\/uploads\/2026\/04\/DOSSIER-DE-PRESSE-BIERES-DE-COMPTOIR-JANVIER-26-BY-LARTISTES-PROD_page-0002-scaled-e1775333836738-480x270.jpg 480w\" sizes=\"(min-width: 0px) and (max-width: 480px) 480px, (min-width: 481px) and (max-width: 980px) 980px, (min-width: 981px) and (max-width: 1280px) 1280px, (min-width: 1281px) 1390px, 100vw\" class=\"wp-image-11271\" \/><\/span><\/div>\n<\/div>\n<\/div>\n<\/div>\n\n\n\n<div class=\"et_pb_section_3 et_pb_section et_section_regular et_block_section\">\n<div class=\"et_pb_row_6 et_pb_row et_flex_row\">\n<div class=\"et_pb_column_11 et_pb_column et_flex_column et_pb_css_mix_blend_mode_passthrough et_flex_column_24_24 et_flex_column_24_24_tablet et_flex_column_24_24_phone\">\n<div class=\"et_pb_image_8 et_pb_image et_animated et_pb_module et_block_module\"><span class=\"et_pb_image_wrap\"><img loading=\"lazy\" decoding=\"async\" src=\"https:\/\/lartistesprod.com\/wp-content\/uploads\/2026\/04\/DSC_6519-1.jpeg\" title=\"DSC_6519 (1)\" width=\"427\" height=\"640\" srcset=\"https:\/\/lartistesprod.com\/wp-content\/uploads\/2026\/04\/DSC_6519-1.jpeg 427w, https:\/\/lartistesprod.com\/wp-content\/uploads\/2026\/04\/DSC_6519-1-200x300.jpeg 200w\" sizes=\"(max-width: 427px) 100vw, 427px\" class=\"wp-image-11268\" \/><\/span><\/div>\n\n<ul class=\"et_pb_social_media_follow_0 et_pb_social_media_follow clearfix et_pb_bg_layout_light et_pb_module et_block_module\">\n<li class=\"et_pb_social_media_follow_network_0 et_pb_social_media_follow_network et_pb_social_icon et_pb_social_network_link et-social-instagram et_pb_module et_flex_module\"><a href=\"#\" class=\"icon\" target=\"_self\" title=\"Follow on Instagram\" rel=\"noopener\"><span class=\"et_pb_social_media_follow_network_name\">Follow<\/span><\/a><\/li>\n\n<li class=\"et_pb_social_media_follow_network_1 et_pb_social_media_follow_network et_pb_social_icon et_pb_social_network_link et-social-youtube et_pb_module et_flex_module\"><a href=\"#\" class=\"icon\" target=\"_self\" title=\"Follow on Youtube\" rel=\"noopener\"><span class=\"et_pb_social_media_follow_network_name\">Follow<\/span><\/a><\/li>\n<\/ul>\n<\/div>\n\n<div class=\"et_pb_column_12 et_pb_column et-last-child et_flex_column et_pb_css_mix_blend_mode_passthrough et_flex_column_24_24 et_flex_column_24_24_tablet et_flex_column_24_24_phone\">\n<div class=\"et_pb_text_8 et_pb_text et_pb_bg_layout_light et_animated et_pb_module et_block_module\"><div class=\"et_pb_text_inner\"><h3>Contact<\/h3>\n<h2>Programmer le spectacle<\/h2>\n<\/div><\/div>\n\n<div class=\"et_pb_divider_4 et_pb_divider et_pb_space et_pb_divider_position_top et_pb_module\"><div class=\"et_pb_divider_internal\"><\/div><\/div>\n\n<div class=\"et_pb_text_9 et_pb_text et_pb_bg_layout_light et_animated et_pb_module et_block_module\"><div class=\"et_pb_text_inner\"><p>Vous souhaitez programmer <strong data-start=\"4256\" data-end=\"4278\">Bi\u00e8res de Comptoir<\/strong> dans votre salle, votre festival, votre \u00e9tablissement, lors d\u2019un \u00e9v\u00e9nement priv\u00e9 ou d\u2019une programmation culturelle ? Ce seul-en-sc\u00e8ne original s\u2019adresse \u00e0 un large public et s\u2019adapte \u00e0 diff\u00e9rents contextes de diffusion. Pour toute demande de disponibilit\u00e9, de conditions d\u2019accueil ou d\u2019informations compl\u00e9mentaires, <strong data-start=\"4595\" data-end=\"4640\">le rider technique est envoy\u00e9 sur demande<\/strong>.<\/p>\n<\/div><\/div>\n\n<div class=\"et_pb_module et_pb_button_module_wrapper et_pb_button_0_wrapper\"><a class=\"et_pb_button_0 et_pb_button et_pb_bg_layout_light et_animated et_pb_module et_block_module\" href=\"http:\/\/infolartistesasso@gmail.com\" target=\"_blank\" data-icon=\"L\">Programmer ce spectacle<\/a><\/div>\n<\/div>\n<\/div>\n<\/div>\n\n<div class=\"et_pb_section_4 et_pb_section et_section_regular et_block_section\">\n<div class=\"et_pb_row_7 et_pb_row et_block_row\">\n<div class=\"et_pb_column_13 et_pb_column et_pb_column_1_2 et_block_column et_pb_css_mix_blend_mode_passthrough\">\n<div class=\"et_pb_text_10 et_pb_text et_pb_bg_layout_dark et_animated et_pb_module et_block_module\"><div class=\"et_pb_text_inner\"><h3>bi\u00e8re de comptoir<\/h3>\n<h2>Christian b\u00e9n\u00e9teau<\/h2>\n<h4>Acteur<\/h4>\n<\/div><\/div>\n<\/div>\n\n<div class=\"et_pb_column_14 et_pb_column et_pb_column_1_2 et-last-child et_block_column et_pb_css_mix_blend_mode_passthrough\">\n<div class=\"et_pb_module et_pb_button_module_wrapper et_pb_button_1_wrapper\"><a class=\"et_pb_button_1 et_pb_button et_pb_bg_layout_light et_animated et_pb_module et_block_module\" href=\"http:\/\/lartistesprod@gmail.com\" data-icon=\"L\">Programmer ce spectacle<\/a><\/div>\n<\/div>\n<\/div>\n<\/div>","protected":false},"excerpt":{"rendered":"","protected":false},"author":1,"featured_media":0,"parent":0,"menu_order":0,"comment_status":"closed","ping_status":"closed","template":"","meta":{"footnotes":""},"class_list":["post-171","page","type-page","status-publish","hentry"],"_links":{"self":[{"href":"https:\/\/lartistesprod.com\/index.php\/wp-json\/wp\/v2\/pages\/171","targetHints":{"allow":["GET"]}}],"collection":[{"href":"https:\/\/lartistesprod.com\/index.php\/wp-json\/wp\/v2\/pages"}],"about":[{"href":"https:\/\/lartistesprod.com\/index.php\/wp-json\/wp\/v2\/types\/page"}],"author":[{"embeddable":true,"href":"https:\/\/lartistesprod.com\/index.php\/wp-json\/wp\/v2\/users\/1"}],"replies":[{"embeddable":true,"href":"https:\/\/lartistesprod.com\/index.php\/wp-json\/wp\/v2\/comments?post=171"}],"version-history":[{"count":13,"href":"https:\/\/lartistesprod.com\/index.php\/wp-json\/wp\/v2\/pages\/171\/revisions"}],"predecessor-version":[{"id":11611,"href":"https:\/\/lartistesprod.com\/index.php\/wp-json\/wp\/v2\/pages\/171\/revisions\/11611"}],"wp:attachment":[{"href":"https:\/\/lartistesprod.com\/index.php\/wp-json\/wp\/v2\/media?parent=171"}],"curies":[{"name":"wp","href":"https:\/\/api.w.org\/{rel}","templated":true}]}}